{"id":69,"date":"2025-01-16T19:15:11","date_gmt":"2025-01-16T19:15:11","guid":{"rendered":"https:\/\/primaria-stilpu.ro\/?page_id=69"},"modified":"2025-01-16T19:35:04","modified_gmt":"2025-01-16T19:35:04","slug":"religie","status":"publish","type":"page","link":"https:\/\/primaria-stilpu.ro\/index.php\/religie\/","title":{"rendered":"Religie"},"content":{"rendered":"<h4>Biserica \u201eSf. Dumitru\u201d \u0219i \u201eSf. \u00cemp\u0103ra\u021bi\u201d<\/h4>\n<p><a href=\"https:\/\/primaria-stilpu.ro\/wp-content\/uploads\/2025\/01\/RO_BZ_Stalpu_St_Demetrius_church-scaled.jpg\"><img loading=\"lazy\" decoding=\"async\" class=\"alignleft size-medium wp-image-114\" src=\"https:\/\/primaria-stilpu.ro\/wp-content\/uploads\/2025\/01\/RO_BZ_Stalpu_St_Demetrius_church-194x300.jpg\" alt=\"\" width=\"194\" height=\"300\" srcset=\"https:\/\/primaria-stilpu.ro\/wp-content\/uploads\/2025\/01\/RO_BZ_Stalpu_St_Demetrius_church-194x300.jpg 194w, https:\/\/primaria-stilpu.ro\/wp-content\/uploads\/2025\/01\/RO_BZ_Stalpu_St_Demetrius_church-662x1024.jpg 662w, https:\/\/primaria-stilpu.ro\/wp-content\/uploads\/2025\/01\/RO_BZ_Stalpu_St_Demetrius_church-768x1189.jpg 768w, https:\/\/primaria-stilpu.ro\/wp-content\/uploads\/2025\/01\/RO_BZ_Stalpu_St_Demetrius_church-992x1536.jpg 992w, https:\/\/primaria-stilpu.ro\/wp-content\/uploads\/2025\/01\/RO_BZ_Stalpu_St_Demetrius_church-1323x2048.jpg 1323w, https:\/\/primaria-stilpu.ro\/wp-content\/uploads\/2025\/01\/RO_BZ_Stalpu_St_Demetrius_church-1218x1885.jpg 1218w, https:\/\/primaria-stilpu.ro\/wp-content\/uploads\/2025\/01\/RO_BZ_Stalpu_St_Demetrius_church-scaled.jpg 1654w\" sizes=\"auto, (max-width: 194px) 100vw, 194px\" \/><\/a>Singura pisanie mai veche este cea de la restaurarea din 1936-1938. Biserica a existat \u00eenainte de \u00eentemeierea satului pe acest loc. Inscrip\u021bie: Pisania a\u0219ezat\u0103 deasupra ancadramentului u\u0219ii: \u201eAceast\u0103 sf\u00e2nt\u0103 \u0219i dumnezeiasc\u0103 Biseric\u0103 fiind der\u0103p\u0103nat\u0103 pe curgerea arcelor, s-a \u00eent\u0103rit \u0219i \u00eenfrumuse\u021bat sub supravegherea Comisiunii Monumentelor Istorice \u00een anii 1936-1938\u201d. Biserica se compune din: pridvor deschis cu arcade \u00een plin centru pe coloane \u00een imita\u021bie de piatr\u0103, pronaos cu scar\u0103 \u00een grosimea zidului, naos f\u0103r\u0103 abside \u0219i altarul circular la interior \u0219i poligonal la exterior. Pronaosul se desparte de naos prin 3 arcade u\u0219or trilobate, ca \u0219i t\u00e2mpla din zid\u0103rie de c\u0103r\u0103mid\u0103. Naosul se \u00eenal\u021b\u0103 cu o turl\u0103 octogonal\u0103 pe baz\u0103 p\u0103trat\u0103. Plastica fa\u021badei const\u0103 \u00een dou\u0103 registre decorate cu arcade cu profile duble \u2013 din\u021bate de forme diferite, registre demarcate de un br\u00e2u plat cu decora\u021biuni imit\u00e2nd funia r\u0103sucit\u0103; corni\u0219a \u00eengust\u0103 cu profile simple sub strea\u0219ina \u00eenfundat\u0103. Ferestrele \u00eenguste terminate \u00een acolad\u0103, sunt \u00eencadrate cu ornamente sculptate \u00een piatr\u0103. Forma original\u0103 \u0219i fazele succesive de transform\u0103ri: Formele arhitecturale sunt originale, cu excep\u021bia pridvorului care \u00eenainte de restaurarea din 1936-1938 era \u00eenchis, precum \u0219i turla ridicat\u0103 pe naos tot atunci. \u00cenainte de restaurare, biserica a avut turn clopotni\u021b\u0103 pe pronaos \u2013 a\u0219a cum indic\u0103 scara din grosimea zidului de apus al acestuia. Dat\u00e2nd construc\u021bia acestei biserici din secolul al XVII-lea, s-ar putea ca actualul pridvor s\u0103 fie doar o reconstituire a unui pridvor ad\u0103ugat de ultimii ctitori, cu caracteristicile secolului al XVIII-lea, considerate bazate pe tablourile ctitorilor \u00een care apare at\u00e2t Matei Basarab \u0219i Vasile Lupu, c\u00e2t \u0219i Constantin C\u00eernu cu \u0218erban Cantacuzino \u0219i al\u021bii<\/p>\n","protected":false},"excerpt":{"rendered":"<p>Biserica \u201eSf. Dumitru\u201d \u0219i \u201eSf. \u00cemp\u0103ra\u021bi\u201d Singura pisanie mai veche este cea de la restaurarea din 1936-1938. Biserica a existat \u00eenainte de \u00eentemeierea satului pe&#8230;<\/p>\n","protected":false},"author":2,"featured_media":0,"parent":0,"menu_order":0,"comment_status":"closed","ping_status":"closed","template":"","meta":{"footnotes":""},"class_list":["post-69","page","type-page","status-publish","hentry"],"_links":{"self":[{"href":"https:\/\/primaria-stilpu.ro\/index.php\/wp-json\/wp\/v2\/pages\/69","targetHints":{"allow":["GET"]}}],"collection":[{"href":"https:\/\/primaria-stilpu.ro\/index.php\/wp-json\/wp\/v2\/pages"}],"about":[{"href":"https:\/\/primaria-stilpu.ro\/index.php\/wp-json\/wp\/v2\/types\/page"}],"author":[{"embeddable":true,"href":"https:\/\/primaria-stilpu.ro\/index.php\/wp-json\/wp\/v2\/users\/2"}],"replies":[{"embeddable":true,"href":"https:\/\/primaria-stilpu.ro\/index.php\/wp-json\/wp\/v2\/comments?post=69"}],"version-history":[{"count":3,"href":"https:\/\/primaria-stilpu.ro\/index.php\/wp-json\/wp\/v2\/pages\/69\/revisions"}],"predecessor-version":[{"id":115,"href":"https:\/\/primaria-stilpu.ro\/index.php\/wp-json\/wp\/v2\/pages\/69\/revisions\/115"}],"wp:attachment":[{"href":"https:\/\/primaria-stilpu.ro\/index.php\/wp-json\/wp\/v2\/media?parent=69"}],"curies":[{"name":"wp","href":"https:\/\/api.w.org\/{rel}","templated":true}]}}