{"id":18,"date":"2025-01-16T19:08:38","date_gmt":"2025-01-16T19:08:38","guid":{"rendered":"https:\/\/primaria-stilpu.ro\/?page_id=18"},"modified":"2025-01-16T20:27:23","modified_gmt":"2025-01-16T20:27:23","slug":"prezentare","status":"publish","type":"page","link":"https:\/\/primaria-stilpu.ro\/","title":{"rendered":"Prezentare"},"content":{"rendered":"<p><a href=\"https:\/\/primaria-stilpu.ro\/wp-content\/uploads\/2025\/01\/RO_BZ_Stalpu_town_hall.jpg\"><img loading=\"lazy\" decoding=\"async\" class=\"alignleft size-medium wp-image-111\" src=\"https:\/\/primaria-stilpu.ro\/wp-content\/uploads\/2025\/01\/RO_BZ_Stalpu_town_hall-300x228.jpg\" alt=\"\" width=\"300\" height=\"228\" srcset=\"https:\/\/primaria-stilpu.ro\/wp-content\/uploads\/2025\/01\/RO_BZ_Stalpu_town_hall-300x228.jpg 300w, https:\/\/primaria-stilpu.ro\/wp-content\/uploads\/2025\/01\/RO_BZ_Stalpu_town_hall-768x584.jpg 768w, https:\/\/primaria-stilpu.ro\/wp-content\/uploads\/2025\/01\/RO_BZ_Stalpu_town_hall.jpg 1024w\" sizes=\"auto, (max-width: 300px) 100vw, 300px\" \/><\/a>Comuna Stilpu se afl\u0103 la sud-vest de municipiul Buz\u0103u, re\u0219edin\u021ba jude\u021bului, \u00eentr-o c\u00e2mpie piemontan\u0103 de la poalele Subcarpa\u021bilor Curburii \u0219i este str\u0103b\u0103tut\u0103 de drumul jude\u021bean 203G, care o leag\u0103 spre sud de Coste\u0219ti (unde se termin\u0103 \u00een DN2) \u0219i spre nord de Merei \u0219i sta\u021biunea S\u0103rata Monteoru, (unde se intersecteaz\u0103 cu DN1B), Tis\u0103u \u0219i M\u0103gura (unde se termin\u0103 \u00een DN10). Comuna este str\u0103b\u0103tut\u0103 de calea ferat\u0103 Ploie\u0219ti\u2013Buz\u0103u, fiind deservit\u0103 de halta B\u0103ile S\u0103rata Monteoru, aflat\u0103 pe teritoriul comunei, \u00een apropierea satului de re\u0219edin\u021b\u0103.<\/p>\n<p>\u00cen partea de Est se afl\u0103 P\u0103durea Sp\u0103taru pe l\u00e2ng\u0103 care curge r\u00e2ul C\u0103lma\u021bui<br \/>\nRelieful comunei este format integral din c\u00e2mpie<br \/>\nLocalit\u0103\u021bi \u00eenvecinate sunt :<br \/>\n&#8211; N \u0219i N-V cu Comuna Merei<br \/>\n&#8211; N-E cu Municipiul Buz\u0103u<br \/>\n&#8211; E cu Comuna Coste\u0219ti<br \/>\n&#8211; V \u0219i S-V cu Comuna Movila Banului \u0219i Comuna Ulmeni<\/p>\n<p>&nbsp;<\/p>\n<p>&nbsp;<\/p>\n","protected":false},"excerpt":{"rendered":"<p>Comuna Stilpu se afl\u0103 la sud-vest de municipiul Buz\u0103u, re\u0219edin\u021ba jude\u021bului, \u00eentr-o c\u00e2mpie piemontan\u0103 de la poalele Subcarpa\u021bilor Curburii \u0219i este str\u0103b\u0103tut\u0103 de drumul jude\u021bean&#8230;<\/p>\n","protected":false},"author":2,"featured_media":0,"parent":0,"menu_order":0,"comment_status":"closed","ping_status":"closed","template":"","meta":{"footnotes":""},"class_list":["post-18","page","type-page","status-publish","hentry"],"_links":{"self":[{"href":"https:\/\/primaria-stilpu.ro\/index.php\/wp-json\/wp\/v2\/pages\/18","targetHints":{"allow":["GET"]}}],"collection":[{"href":"https:\/\/primaria-stilpu.ro\/index.php\/wp-json\/wp\/v2\/pages"}],"about":[{"href":"https:\/\/primaria-stilpu.ro\/index.php\/wp-json\/wp\/v2\/types\/page"}],"author":[{"embeddable":true,"href":"https:\/\/primaria-stilpu.ro\/index.php\/wp-json\/wp\/v2\/users\/2"}],"replies":[{"embeddable":true,"href":"https:\/\/primaria-stilpu.ro\/index.php\/wp-json\/wp\/v2\/comments?post=18"}],"version-history":[{"count":4,"href":"https:\/\/primaria-stilpu.ro\/index.php\/wp-json\/wp\/v2\/pages\/18\/revisions"}],"predecessor-version":[{"id":137,"href":"https:\/\/primaria-stilpu.ro\/index.php\/wp-json\/wp\/v2\/pages\/18\/revisions\/137"}],"wp:attachment":[{"href":"https:\/\/primaria-stilpu.ro\/index.php\/wp-json\/wp\/v2\/media?parent=18"}],"curies":[{"name":"wp","href":"https:\/\/api.w.org\/{rel}","templated":true}]}}